{"id":5113,"date":"2024-08-26T14:35:01","date_gmt":"2024-08-26T14:35:01","guid":{"rendered":"https:\/\/teamative.com\/kontaktujte-nas\/"},"modified":"2025-09-25T09:42:10","modified_gmt":"2025-09-25T09:42:10","slug":"kontaktujte-nas","status":"publish","type":"page","link":"https:\/\/staging-mk2234.teamative.com\/sk\/kontaktujte-nas\/","title":{"rendered":"Kontaktujte n\u00e1s"},"content":{"rendered":"\t\t<div data-elementor-type=\"wp-page\" data-elementor-id=\"5113\" class=\"elementor elementor-5113 elementor-3286\" data-elementor-post-type=\"page\">\n\t\t\t\t<div class=\"elementor-element elementor-element-5a88591 e-con-full e-flex e-con e-parent\" data-id=\"5a88591\" data-element_type=\"container\" data-e-type=\"container\">\n\t\t\t\t<div class=\"elementor-element elementor-element-21d8514 elementor-widget__width-inherit elementor-widget elementor-widget-image\" data-id=\"21d8514\" data-element_type=\"widget\" data-e-type=\"widget\" data-widget_type=\"image.default\">\n\t\t\t\t<div class=\"elementor-widget-container\">\n\t\t\t\t\t\t\t\t\t\t\t\t\t\t\t<img fetchpriority=\"high\" decoding=\"async\" width=\"1440\" height=\"439\" src=\"https:\/\/staging-mk2234.teamative.com\/wp-content\/uploads\/2024\/07\/Hero-Bild-Unterseiten.png\" class=\"attachment-full size-full wp-image-4684\" alt=\"\" srcset=\"https:\/\/staging-mk2234.teamative.com\/wp-content\/uploads\/2024\/07\/Hero-Bild-Unterseiten.png 1440w, https:\/\/staging-mk2234.teamative.com\/wp-content\/uploads\/2024\/07\/Hero-Bild-Unterseiten-300x91.png 300w, https:\/\/staging-mk2234.teamative.com\/wp-content\/uploads\/2024\/07\/Hero-Bild-Unterseiten-1024x312.png 1024w, https:\/\/staging-mk2234.teamative.com\/wp-content\/uploads\/2024\/07\/Hero-Bild-Unterseiten-768x234.png 768w\" sizes=\"(max-width: 1440px) 100vw, 1440px\" \/>\t\t\t\t\t\t\t\t\t\t\t\t\t\t\t<\/div>\n\t\t\t\t<\/div>\n\t\t\t\t<\/div>\n\t\t<div class=\"elementor-element elementor-element-4a021ab e-flex e-con-boxed e-con e-parent\" data-id=\"4a021ab\" data-element_type=\"container\" data-e-type=\"container\">\n\t\t\t\t\t<div class=\"e-con-inner\">\n\t\t\t\t<div class=\"elementor-element elementor-element-812e122 elementor-align-center elementor-widget elementor-widget-breadcrumbs\" data-id=\"812e122\" data-element_type=\"widget\" data-e-type=\"widget\" data-widget_type=\"breadcrumbs.default\">\n\t\t\t\t<div class=\"elementor-widget-container\">\n\t\t\t\t\t<p id=\"breadcrumbs\"><span><span><a href=\"https:\/\/staging-mk2234.teamative.com\/sk\/\">Home<\/a><\/span><\/span><\/p>\t\t\t\t<\/div>\n\t\t\t\t<\/div>\n\t\t\t\t\t<\/div>\n\t\t\t\t<\/div>\n\t\t<div class=\"elementor-element elementor-element-1210b4e default-section-spacing e-flex e-con-boxed e-con e-parent\" data-id=\"1210b4e\" data-element_type=\"container\" data-e-type=\"container\">\n\t\t\t\t\t<div class=\"e-con-inner\">\n\t\t\t\t<div class=\"elementor-element elementor-element-dbd61d1 elementor-widget__width-auto animated-fast elementor-invisible elementor-widget elementor-widget-heading\" data-id=\"dbd61d1\" data-element_type=\"widget\" data-e-type=\"widget\" data-settings=\"{&quot;_animation&quot;:&quot;fadeInUp&quot;}\" data-widget_type=\"heading.default\">\n\t\t\t\t<div class=\"elementor-widget-container\">\n\t\t\t\t\t<span class=\"elementor-heading-title elementor-size-default\">Kontaktujte n\u00e1s<\/span>\t\t\t\t<\/div>\n\t\t\t\t<\/div>\n\t\t\t\t<div class=\"elementor-element elementor-element-6f0e534 elementor-widget__width-initial animated-fast elementor-invisible elementor-widget elementor-widget-heading\" data-id=\"6f0e534\" data-element_type=\"widget\" data-e-type=\"widget\" data-settings=\"{&quot;_animation&quot;:&quot;fadeInUp&quot;}\" data-widget_type=\"heading.default\">\n\t\t\t\t<div class=\"elementor-widget-container\">\n\t\t\t\t\t<h2 class=\"elementor-heading-title elementor-size-default\">M\u00e1te nejak\u00e9 ot\u00e1zky?<\/h2>\t\t\t\t<\/div>\n\t\t\t\t<\/div>\n\t\t\t\t<div class=\"elementor-element elementor-element-df6810d animated-fast elementor-invisible elementor-widget elementor-widget-text-editor\" data-id=\"df6810d\" data-element_type=\"widget\" data-e-type=\"widget\" data-settings=\"{&quot;_animation&quot;:&quot;fadeInUp&quot;}\" data-widget_type=\"text-editor.default\">\n\t\t\t\t<div class=\"elementor-widget-container\">\n\t\t\t\t\t\t\t\t\t<p>Kontaktujte n\u00e1s!<\/p>\n\t\t\t\t\t\t\t\t<\/div>\n\t\t\t\t<\/div>\n\t\t\t\t\t<\/div>\n\t\t\t\t<\/div>\n\t\t<div class=\"elementor-element elementor-element-5b94bd4 e-flex e-con-boxed e-con e-parent\" data-id=\"5b94bd4\" data-element_type=\"container\" data-e-type=\"container\">\n\t\t\t\t\t<div class=\"e-con-inner\">\n\t\t<div class=\"elementor-element elementor-element-37eca8d e-con-full e-flex e-con e-child\" data-id=\"37eca8d\" data-element_type=\"container\" data-e-type=\"container\">\n\t\t\t\t<div class=\"elementor-element elementor-element-257b956 animated-fast elementor-button-align-stretch elementor-invisible elementor-widget elementor-widget-form\" data-id=\"257b956\" data-element_type=\"widget\" data-e-type=\"widget\" data-settings=\"{&quot;step_next_label&quot;:&quot;\\u010eal\\u0161ie&quot;,&quot;step_previous_label&quot;:&quot;Predch\\u00e1dzaj\\u00faci&quot;,&quot;_animation&quot;:&quot;fadeInUp&quot;,&quot;button_width&quot;:&quot;100&quot;,&quot;step_type&quot;:&quot;number_text&quot;,&quot;step_icon_shape&quot;:&quot;circle&quot;}\" data-widget_type=\"form.default\">\n\t\t\t\t<div class=\"elementor-widget-container\">\n\t\t\t\t\t\t\t<form class=\"elementor-form\" method=\"post\" name=\"Kontaktn\u00fd formul\u00e1r\" aria-label=\"Kontaktn\u00fd formul\u00e1r\" novalidate=\"\">\n\t\t\t<input type=\"hidden\" name=\"post_id\" value=\"5113\"\/>\n\t\t\t<input type=\"hidden\" name=\"form_id\" value=\"257b956\"\/>\n\t\t\t<input type=\"hidden\" name=\"referer_title\" value=\"Kontaktujte n\u00e1s | teamative\" \/>\n\n\t\t\t\t\t\t\t<input type=\"hidden\" name=\"queried_id\" value=\"5113\"\/>\n\t\t\t\n\t\t\t<div class=\"elementor-form-fields-wrapper elementor-labels-\">\n\t\t\t\t\t\t\t\t<div class=\"elementor-field-type-text elementor-field-group elementor-column elementor-field-group-name elementor-col-100 elementor-field-required\">\n\t\t\t\t\t\t\t\t\t\t\t\t<label for=\"form-field-name\" class=\"elementor-field-label elementor-screen-only\">\n\t\t\t\t\t\t\t\tKrstn\u00e9 meno\t\t\t\t\t\t\t<\/label>\n\t\t\t\t\t\t\t\t\t\t\t\t\t\t<input size=\"1\" type=\"text\" name=\"form_fields[name]\" id=\"form-field-name\" class=\"elementor-field elementor-size-sm  elementor-field-with-icon elementor-field-textual\" placeholder=\"Krstn\u00e9 meno\" required=\"required\" data-parsley-required=\"true\" style=\"background-image: url( data:image\/svg+xml;utf8, );\">\n\t\t\t\t\t\t\t\t\t\t\t<\/div>\n\t\t\t\t\t\t\t\t<div class=\"elementor-field-type-text elementor-field-group elementor-column elementor-field-group-field_c011962 elementor-col-100 elementor-field-required\">\n\t\t\t\t\t\t\t\t\t\t\t\t<label for=\"form-field-field_c011962\" class=\"elementor-field-label elementor-screen-only\">\n\t\t\t\t\t\t\t\tPriezvisko\t\t\t\t\t\t\t<\/label>\n\t\t\t\t\t\t\t\t\t\t\t\t\t\t<input size=\"1\" type=\"text\" name=\"form_fields[field_c011962]\" id=\"form-field-field_c011962\" class=\"elementor-field elementor-size-sm  elementor-field-with-icon elementor-field-textual\" placeholder=\"Priezvisko\" required=\"required\" data-parsley-required=\"true\" style=\"background-image: url( data:image\/svg+xml;utf8, );\">\n\t\t\t\t\t\t\t\t\t\t\t<\/div>\n\t\t\t\t\t\t\t\t<div class=\"elementor-field-type-text elementor-field-group elementor-column elementor-field-group-field_6367aca elementor-col-100\">\n\t\t\t\t\t\t\t\t\t\t\t\t<label for=\"form-field-field_6367aca\" class=\"elementor-field-label elementor-screen-only\">\n\t\t\t\t\t\t\t\tSpolo\u010dnos\u0165\t\t\t\t\t\t\t<\/label>\n\t\t\t\t\t\t\t\t\t\t\t\t\t\t<input size=\"1\" type=\"text\" name=\"form_fields[field_6367aca]\" id=\"form-field-field_6367aca\" class=\"elementor-field elementor-size-sm  elementor-field-with-icon elementor-field-textual\" placeholder=\"Spolo\u010dnos\u0165\" style=\"background-image: url( data:image\/svg+xml;utf8, );\">\n\t\t\t\t\t\t\t\t\t\t\t<\/div>\n\t\t\t\t\t\t\t\t<div class=\"elementor-field-type-email elementor-field-group elementor-column elementor-field-group-email elementor-col-100 elementor-field-required\">\n\t\t\t\t\t\t\t\t\t\t\t\t<label for=\"form-field-email\" class=\"elementor-field-label elementor-screen-only\">\n\t\t\t\t\t\t\t\tE-Mail\t\t\t\t\t\t\t<\/label>\n\t\t\t\t\t\t\t\t\t\t\t\t\t\t<input size=\"1\" type=\"email\" name=\"form_fields[email]\" id=\"form-field-email\" class=\"elementor-field elementor-size-sm  elementor-field-with-icon elementor-field-textual\" placeholder=\"E-Mail\" required=\"required\" data-parsley-required=\"true\" style=\"background-image: url( data:image\/svg+xml;utf8, );\">\n\t\t\t\t\t\t\t\t\t\t\t<\/div>\n\t\t\t\t\t\t\t\t<div class=\"elementor-field-type-tel elementor-field-group elementor-column elementor-field-group-telefon elementor-col-100 elementor-field-required\">\n\t\t\t\t\t\t\t\t\t\t\t\t<label for=\"form-field-telefon\" class=\"elementor-field-label elementor-screen-only\">\n\t\t\t\t\t\t\t\tTelef\u00f3n\t\t\t\t\t\t\t<\/label>\n\t\t\t\t\t\t\t\t<input size=\"1\" type=\"tel\" name=\"form_fields[telefon]\" id=\"form-field-telefon\" class=\"elementor-field elementor-size-sm  elementor-field-with-icon elementor-field-textual\" placeholder=\"Telef\u00f3n\" required=\"required\" data-parsley-required=\"true\" style=\"background-image: url( data:image\/svg+xml;utf8, );\" pattern=\"[0-9()#&amp;+*-=.]+\" title=\"Pros\u00ed zad\u00e1vajte iba \u010d\u00edsla alebo tieto znaky #, -, *,\">\n\n\t\t\t\t\t\t<\/div>\n\t\t\t\t\t\t\t\t<div class=\"elementor-field-type-textarea elementor-field-group elementor-column elementor-field-group-field_7390caa elementor-col-100 elementor-field-required\">\n\t\t\t\t\t\t\t\t\t\t\t\t<label for=\"form-field-field_7390caa\" class=\"elementor-field-label elementor-screen-only\">\n\t\t\t\t\t\t\t\tSpr\u00e1va\t\t\t\t\t\t\t<\/label>\n\t\t\t\t\t\t<textarea data-parsley-required=\"true\" class=\"elementor-field-textual elementor-field  elementor-size-sm\" name=\"form_fields[field_7390caa]\" id=\"form-field-field_7390caa\" rows=\"4\" placeholder=\"Spr\u00e1va\" required=\"required\"><\/textarea>\t\t\t\t<\/div>\n\t\t\t\t\t\t\t\t<div class=\"elementor-field-type-image_captcha elementor-field-group elementor-column elementor-field-group-field_2cce59a elementor-col-100\">\n\t\t\t\t\t<script>console.log(\"Widget Render Language:\", \"\");<\/script>\t\t<input type=\"hidden\" name=\"eic_honeypot\" id=\"form-field-field_2cce59a\" class=\"elementor-field elementor-size-sm \">\n\t\t<div class=\"eic-form-control-wrap eic_captcha\" data-name=\"eic_captcha\">\n\t\t\t<span class=\"eic-form-control eic-radio\"> \n\t\t<span class=\"captcha-image\">\n\t\t\t<span class=\"eic_instructions\">Pros\u00edm, dok\u00e1\u017ete, \u017ee ste \u010dlovek. Vyberte&nbsp;<span class=\"choosen-icon\">Dom<\/span>.<\/span><span class=\"captcha-icon-section\"><label><input type=\"radio\" name=\"eic_captcha\" value=\"eic_human\" \/><svg xmlns=\"http:\/\/www.w3.org\/2000\/svg\" width=\"50\" height=\"50\" aria-hidden=\"true\" role=\"img\" viewBox=\"0 0 24 24\" fill=\"#000000\"><path d=\"M0 0h24v24H0z\" fill=\"none\"\/><path d=\"M10 20v-6h4v6h5v-8h3L12 3 2 12h3v8z\"\/><\/svg><\/label><label><input type=\"radio\" name=\"eic_captcha\" value=\"bot\" \/><svg xmlns=\"http:\/\/www.w3.org\/2000\/svg\" width=\"50\" height=\"50\" aria-hidden=\"true\" role=\"img\" viewBox=\"0 0 24 24\" fill=\"#000000\"><path d=\"M0 0h24v24H0z\" fill=\"none\"\/><circle cx=\"12\" cy=\"12\" r=\"3.2\"\/><path d=\"M9 2L7.17 4H4c-1.1 0-2 .9-2 2v12c0 1.1.9 2 2 2h16c1.1 0 2-.9 2-2V6c0-1.1-.9-2-2-2h-3.17L15 2H9zm3 15c-2.76 0-5-2.24-5-5s2.24-5 5-5 5 2.24 5 5-2.24 5-5 5z\"\/><\/svg><\/label><label><input type=\"radio\" name=\"eic_captcha\" value=\"bot\" \/><svg xmlns=\"http:\/\/www.w3.org\/2000\/svg\" width=\"50\" height=\"50\" aria-hidden=\"true\" role=\"img\" viewBox=\"0 0 24 24\" fill=\"#000000\"><path d=\"M0 0h24v24H0z\" fill=\"none\"\/><path d=\"M14.4 6L14 4H5v17h2v-7h5.6l.4 2h7V6z\"\/><\/svg><\/label><\/span><\/span><\/span>\n\t\t<\/div>\n\t\t\t\t\t\t<\/div>\n\t\t\t\t\t\t\t\t<div class=\"elementor-field-group elementor-column elementor-field-type-submit elementor-col-100 e-form__buttons\">\n\t\t\t\t\t<button class=\"elementor-button elementor-size-sm\" type=\"submit\">\n\t\t\t\t\t\t<span class=\"elementor-button-content-wrapper\">\n\t\t\t\t\t\t\t\t\t\t\t\t\t\t\t\t\t\t\t\t\t\t<span class=\"elementor-button-text\">Odosla\u0165 spr\u00e1vu<\/span>\n\t\t\t\t\t\t\t\t\t\t\t\t\t<\/span>\n\t\t\t\t\t<\/button>\n\t\t\t\t<\/div>\n\t\t\t<\/div>\n\t\t<\/form>\n\t\t\t\t\t\t<\/div>\n\t\t\t\t<\/div>\n\t\t\t\t<\/div>\n\t\t\t\t<div class=\"elementor-element elementor-element-6cf1878 elementor-widget__width-initial elementor-widget elementor-widget-text-editor\" data-id=\"6cf1878\" data-element_type=\"widget\" data-e-type=\"widget\" data-widget_type=\"text-editor.default\">\n\t\t\t\t<div class=\"elementor-widget-container\">\n\t\t\t\t\t\t\t\t\t<p><b>Telef\u00f3n:<\/b><\/p><p><span data-teams=\"true\">+421 33 641 4173<\/span><\/p><p><span style=\"font-size: 15.915px;\"><b>Mail:<\/b><\/span><\/p><p><span style=\"font-size: 15.915px;\">info-cee@teamative.com<\/span><\/p><p><span data-teams=\"true\">recruitment@teamative.com<\/span><\/p><p><span style=\"font-size: 15.915px;\"><b>Adresa:<\/b><\/span><\/p><p>teamative a.s.<br \/>Office Pezinok<br \/>Moyzesova 4\/A<br \/>SK-902 01 Pezinok<\/p>\t\t\t\t\t\t\t\t<\/div>\n\t\t\t\t<\/div>\n\t\t\t\t\t<\/div>\n\t\t\t\t<\/div>\n\t\t\t\t<\/div>\n\t\t","protected":false},"excerpt":{"rendered":"<p>Kontaktujte n\u00e1s M\u00e1te nejak\u00e9 ot\u00e1zky? Kontaktujte n\u00e1s! Telef\u00f3n: +421 33 641 4173 Mail: info-cee@teamative.com recruitment@teamative.com Adresa: teamative a.s.Office PezinokMoyzesova 4\/ASK-902 01 Pezinok<\/p>\n","protected":false},"author":4,"featured_media":0,"parent":0,"menu_order":0,"comment_status":"closed","ping_status":"closed","template":"","meta":{"_acf_changed":false,"inline_featured_image":false,"footnotes":""},"class_list":["post-5113","page","type-page","status-publish","hentry"],"acf":[],"yoast_head":"<!-- This site is optimized with the Yoast SEO plugin v27.3 - https:\/\/yoast.com\/product\/yoast-seo-wordpress\/ -->\n<title>Kontaktujte n\u00e1s | teamative<\/title>\n<meta name=\"robots\" content=\"index, follow, max-snippet:-1, max-image-preview:large, max-video-preview:-1\" \/>\n<link rel=\"canonical\" href=\"https:\/\/staging-mk2234.teamative.com\/sk\/kontaktujte-nas\/\" \/>\n<meta property=\"og:locale\" content=\"sk_SK\" \/>\n<meta property=\"og:type\" content=\"article\" \/>\n<meta property=\"og:title\" content=\"Kontaktujte n\u00e1s | teamative\" \/>\n<meta property=\"og:description\" content=\"Kontaktujte n\u00e1s M\u00e1te nejak\u00e9 ot\u00e1zky? Kontaktujte n\u00e1s! Telef\u00f3n: +421 33 641 4173 Mail: info-cee@teamative.com recruitment@teamative.com Adresa: teamative a.s.Office PezinokMoyzesova 4\/ASK-902 01 Pezinok\" \/>\n<meta property=\"og:url\" content=\"https:\/\/staging-mk2234.teamative.com\/sk\/kontaktujte-nas\/\" \/>\n<meta property=\"og:site_name\" content=\"teamative\" \/>\n<meta property=\"article:modified_time\" content=\"2025-09-25T09:42:10+00:00\" \/>\n<meta property=\"og:image\" content=\"https:\/\/staging-mk2234.teamative.com\/wp-content\/uploads\/2024\/07\/Hero-Bild-Unterseiten.png\" \/>\n\t<meta property=\"og:image:width\" content=\"1440\" \/>\n\t<meta property=\"og:image:height\" content=\"439\" \/>\n\t<meta property=\"og:image:type\" content=\"image\/png\" \/>\n<meta name=\"twitter:card\" content=\"summary_large_image\" \/>\n<meta name=\"twitter:label1\" content=\"Predpokladan\u00fd \u010das \u010d\u00edtania\" \/>\n\t<meta name=\"twitter:data1\" content=\"1 min\u00fata\" \/>\n<script type=\"application\/ld+json\" class=\"yoast-schema-graph\">{\"@context\":\"https:\\\/\\\/schema.org\",\"@graph\":[{\"@type\":\"WebPage\",\"@id\":\"https:\\\/\\\/staging-mk2234.teamative.com\\\/sk\\\/kontaktujte-nas\\\/\",\"url\":\"https:\\\/\\\/staging-mk2234.teamative.com\\\/sk\\\/kontaktujte-nas\\\/\",\"name\":\"Kontaktujte n\u00e1s | teamative\",\"isPartOf\":{\"@id\":\"https:\\\/\\\/staging-mk2234.teamative.com\\\/sk\\\/#website\"},\"primaryImageOfPage\":{\"@id\":\"https:\\\/\\\/staging-mk2234.teamative.com\\\/sk\\\/kontaktujte-nas\\\/#primaryimage\"},\"image\":{\"@id\":\"https:\\\/\\\/staging-mk2234.teamative.com\\\/sk\\\/kontaktujte-nas\\\/#primaryimage\"},\"thumbnailUrl\":\"https:\\\/\\\/staging-mk2234.teamative.com\\\/wp-content\\\/uploads\\\/2024\\\/07\\\/Hero-Bild-Unterseiten.png\",\"datePublished\":\"2024-08-26T14:35:01+00:00\",\"dateModified\":\"2025-09-25T09:42:10+00:00\",\"breadcrumb\":{\"@id\":\"https:\\\/\\\/staging-mk2234.teamative.com\\\/sk\\\/kontaktujte-nas\\\/#breadcrumb\"},\"inLanguage\":\"sk-SK\",\"potentialAction\":[{\"@type\":\"ReadAction\",\"target\":[\"https:\\\/\\\/staging-mk2234.teamative.com\\\/sk\\\/kontaktujte-nas\\\/\"]}]},{\"@type\":\"ImageObject\",\"inLanguage\":\"sk-SK\",\"@id\":\"https:\\\/\\\/staging-mk2234.teamative.com\\\/sk\\\/kontaktujte-nas\\\/#primaryimage\",\"url\":\"https:\\\/\\\/staging-mk2234.teamative.com\\\/wp-content\\\/uploads\\\/2024\\\/07\\\/Hero-Bild-Unterseiten.png\",\"contentUrl\":\"https:\\\/\\\/staging-mk2234.teamative.com\\\/wp-content\\\/uploads\\\/2024\\\/07\\\/Hero-Bild-Unterseiten.png\"},{\"@type\":\"BreadcrumbList\",\"@id\":\"https:\\\/\\\/staging-mk2234.teamative.com\\\/sk\\\/kontaktujte-nas\\\/#breadcrumb\",\"itemListElement\":[{\"@type\":\"ListItem\",\"position\":1,\"name\":\"Home\",\"item\":\"https:\\\/\\\/staging-mk2234.teamative.com\\\/sk\\\/\"},{\"@type\":\"ListItem\",\"position\":2,\"name\":\"Kontaktujte n\u00e1s\"}]},{\"@type\":\"WebSite\",\"@id\":\"https:\\\/\\\/staging-mk2234.teamative.com\\\/sk\\\/#website\",\"url\":\"https:\\\/\\\/staging-mk2234.teamative.com\\\/sk\\\/\",\"name\":\"teamative\",\"description\":\"\",\"potentialAction\":[{\"@type\":\"SearchAction\",\"target\":{\"@type\":\"EntryPoint\",\"urlTemplate\":\"https:\\\/\\\/staging-mk2234.teamative.com\\\/sk\\\/?s={search_term_string}\"},\"query-input\":{\"@type\":\"PropertyValueSpecification\",\"valueRequired\":true,\"valueName\":\"search_term_string\"}}],\"inLanguage\":\"sk-SK\"}]}<\/script>\n<!-- \/ Yoast SEO plugin. -->","yoast_head_json":{"title":"Kontaktujte n\u00e1s | teamative","robots":{"index":"index","follow":"follow","max-snippet":"max-snippet:-1","max-image-preview":"max-image-preview:large","max-video-preview":"max-video-preview:-1"},"canonical":"https:\/\/staging-mk2234.teamative.com\/sk\/kontaktujte-nas\/","og_locale":"sk_SK","og_type":"article","og_title":"Kontaktujte n\u00e1s | teamative","og_description":"Kontaktujte n\u00e1s M\u00e1te nejak\u00e9 ot\u00e1zky? Kontaktujte n\u00e1s! Telef\u00f3n: +421 33 641 4173 Mail: info-cee@teamative.com recruitment@teamative.com Adresa: teamative a.s.Office PezinokMoyzesova 4\/ASK-902 01 Pezinok","og_url":"https:\/\/staging-mk2234.teamative.com\/sk\/kontaktujte-nas\/","og_site_name":"teamative","article_modified_time":"2025-09-25T09:42:10+00:00","og_image":[{"width":1440,"height":439,"url":"https:\/\/staging-mk2234.teamative.com\/wp-content\/uploads\/2024\/07\/Hero-Bild-Unterseiten.png","type":"image\/png"}],"twitter_card":"summary_large_image","twitter_misc":{"Predpokladan\u00fd \u010das \u010d\u00edtania":"1 min\u00fata"},"schema":{"@context":"https:\/\/schema.org","@graph":[{"@type":"WebPage","@id":"https:\/\/staging-mk2234.teamative.com\/sk\/kontaktujte-nas\/","url":"https:\/\/staging-mk2234.teamative.com\/sk\/kontaktujte-nas\/","name":"Kontaktujte n\u00e1s | teamative","isPartOf":{"@id":"https:\/\/staging-mk2234.teamative.com\/sk\/#website"},"primaryImageOfPage":{"@id":"https:\/\/staging-mk2234.teamative.com\/sk\/kontaktujte-nas\/#primaryimage"},"image":{"@id":"https:\/\/staging-mk2234.teamative.com\/sk\/kontaktujte-nas\/#primaryimage"},"thumbnailUrl":"https:\/\/staging-mk2234.teamative.com\/wp-content\/uploads\/2024\/07\/Hero-Bild-Unterseiten.png","datePublished":"2024-08-26T14:35:01+00:00","dateModified":"2025-09-25T09:42:10+00:00","breadcrumb":{"@id":"https:\/\/staging-mk2234.teamative.com\/sk\/kontaktujte-nas\/#breadcrumb"},"inLanguage":"sk-SK","potentialAction":[{"@type":"ReadAction","target":["https:\/\/staging-mk2234.teamative.com\/sk\/kontaktujte-nas\/"]}]},{"@type":"ImageObject","inLanguage":"sk-SK","@id":"https:\/\/staging-mk2234.teamative.com\/sk\/kontaktujte-nas\/#primaryimage","url":"https:\/\/staging-mk2234.teamative.com\/wp-content\/uploads\/2024\/07\/Hero-Bild-Unterseiten.png","contentUrl":"https:\/\/staging-mk2234.teamative.com\/wp-content\/uploads\/2024\/07\/Hero-Bild-Unterseiten.png"},{"@type":"BreadcrumbList","@id":"https:\/\/staging-mk2234.teamative.com\/sk\/kontaktujte-nas\/#breadcrumb","itemListElement":[{"@type":"ListItem","position":1,"name":"Home","item":"https:\/\/staging-mk2234.teamative.com\/sk\/"},{"@type":"ListItem","position":2,"name":"Kontaktujte n\u00e1s"}]},{"@type":"WebSite","@id":"https:\/\/staging-mk2234.teamative.com\/sk\/#website","url":"https:\/\/staging-mk2234.teamative.com\/sk\/","name":"teamative","description":"","potentialAction":[{"@type":"SearchAction","target":{"@type":"EntryPoint","urlTemplate":"https:\/\/staging-mk2234.teamative.com\/sk\/?s={search_term_string}"},"query-input":{"@type":"PropertyValueSpecification","valueRequired":true,"valueName":"search_term_string"}}],"inLanguage":"sk-SK"}]}},"_links":{"self":[{"href":"https:\/\/staging-mk2234.teamative.com\/sk\/wp-json\/wp\/v2\/pages\/5113","targetHints":{"allow":["GET"]}}],"collection":[{"href":"https:\/\/staging-mk2234.teamative.com\/sk\/wp-json\/wp\/v2\/pages"}],"about":[{"href":"https:\/\/staging-mk2234.teamative.com\/sk\/wp-json\/wp\/v2\/types\/page"}],"author":[{"embeddable":true,"href":"https:\/\/staging-mk2234.teamative.com\/sk\/wp-json\/wp\/v2\/users\/4"}],"replies":[{"embeddable":true,"href":"https:\/\/staging-mk2234.teamative.com\/sk\/wp-json\/wp\/v2\/comments?post=5113"}],"version-history":[{"count":45,"href":"https:\/\/staging-mk2234.teamative.com\/sk\/wp-json\/wp\/v2\/pages\/5113\/revisions"}],"predecessor-version":[{"id":14969,"href":"https:\/\/staging-mk2234.teamative.com\/sk\/wp-json\/wp\/v2\/pages\/5113\/revisions\/14969"}],"wp:attachment":[{"href":"https:\/\/staging-mk2234.teamative.com\/sk\/wp-json\/wp\/v2\/media?parent=5113"}],"curies":[{"name":"wp","href":"https:\/\/api.w.org\/{rel}","templated":true}]}}