{"id":4130,"date":"2024-08-21T12:12:18","date_gmt":"2024-08-21T12:12:18","guid":{"rendered":"https:\/\/teamative.com\/nearshoring\/regulacie\/"},"modified":"2024-09-05T13:18:37","modified_gmt":"2024-09-05T13:18:37","slug":"regulacie","status":"publish","type":"page","link":"https:\/\/staging-mk2234.teamative.com\/sk\/nearshoring\/regulacie\/","title":{"rendered":"regul\u00e1cie"},"content":{"rendered":"\t\t<div data-elementor-type=\"wp-page\" data-elementor-id=\"4130\" class=\"elementor elementor-4130 elementor-3082\" data-elementor-post-type=\"page\">\n\t\t\t\t<div class=\"elementor-element elementor-element-9c1029d e-con-full e-flex e-con e-parent\" data-id=\"9c1029d\" data-element_type=\"container\" data-e-type=\"container\">\n\t\t\t\t<div class=\"elementor-element elementor-element-ae33377 elementor-widget__width-inherit elementor-widget elementor-widget-image\" data-id=\"ae33377\" data-element_type=\"widget\" data-e-type=\"widget\" data-widget_type=\"image.default\">\n\t\t\t\t<div class=\"elementor-widget-container\">\n\t\t\t\t\t\t\t\t\t\t\t\t\t\t\t<img fetchpriority=\"high\" decoding=\"async\" width=\"800\" height=\"244\" src=\"https:\/\/staging-mk2234.teamative.com\/wp-content\/uploads\/2024\/09\/Header-Nearshore-1024x312.jpg\" class=\"attachment-large size-large wp-image-4212\" alt=\"Nearshore\" srcset=\"https:\/\/staging-mk2234.teamative.com\/wp-content\/uploads\/2024\/09\/Header-Nearshore-1024x312.jpg 1024w, https:\/\/staging-mk2234.teamative.com\/wp-content\/uploads\/2024\/09\/Header-Nearshore-300x91.jpg 300w, https:\/\/staging-mk2234.teamative.com\/wp-content\/uploads\/2024\/09\/Header-Nearshore-768x234.jpg 768w, https:\/\/staging-mk2234.teamative.com\/wp-content\/uploads\/2024\/09\/Header-Nearshore.jpg 1440w\" sizes=\"(max-width: 800px) 100vw, 800px\" \/>\t\t\t\t\t\t\t\t\t\t\t\t\t\t\t<\/div>\n\t\t\t\t<\/div>\n\t\t\t\t<\/div>\n\t\t<div class=\"elementor-element elementor-element-0c6824e default-section-spacing e-flex e-con-boxed e-con e-parent\" data-id=\"0c6824e\" data-element_type=\"container\" data-e-type=\"container\">\n\t\t\t\t\t<div class=\"e-con-inner\">\n\t\t\t\t<div class=\"elementor-element elementor-element-4aa948a elementor-widget__width-auto animated-fast elementor-invisible elementor-widget elementor-widget-heading\" data-id=\"4aa948a\" data-element_type=\"widget\" data-e-type=\"widget\" data-settings=\"{&quot;_animation&quot;:&quot;fadeInUp&quot;}\" data-widget_type=\"heading.default\">\n\t\t\t\t<div class=\"elementor-widget-container\">\n\t\t\t\t\t<span class=\"elementor-heading-title elementor-size-default\">regul\u00e1cie<\/span>\t\t\t\t<\/div>\n\t\t\t\t<\/div>\n\t\t\t\t<div class=\"elementor-element elementor-element-3403a73 animated-fast elementor-invisible elementor-widget elementor-widget-heading\" data-id=\"3403a73\" data-element_type=\"widget\" data-e-type=\"widget\" data-settings=\"{&quot;_animation&quot;:&quot;fadeInUp&quot;}\" data-widget_type=\"heading.default\">\n\t\t\t\t<div class=\"elementor-widget-container\">\n\t\t\t\t\t<h1 class=\"elementor-heading-title elementor-size-default\">Nearshoring a regul\u00e1cie<\/h1>\t\t\t\t<\/div>\n\t\t\t\t<\/div>\n\t\t\t\t<div class=\"elementor-element elementor-element-7dbe16e animated-fast elementor-invisible elementor-widget elementor-widget-text-editor\" data-id=\"7dbe16e\" data-element_type=\"widget\" data-e-type=\"widget\" data-settings=\"{&quot;_animation&quot;:&quot;fadeInUp&quot;}\" data-widget_type=\"text-editor.default\">\n\t\t\t\t<div class=\"elementor-widget-container\">\n\t\t\t\t\t\t\t\t\t<p>V teamative zabezpe\u010d\u00edme, aby sa v\u0161etky slu\u017eby nearshoringu vykon\u00e1vali v s\u00falade so z\u00e1konmi a predpismi. V\u017edy mysl\u00edme aj na rizik\u00e1 v r\u00f4znych oblastiach ako je fikt\u00edvna samostatn\u00e1 z\u00e1robkov\u00e1 \u010dinnos\u0165 a do\u010dasn\u00e9 zamestn\u00e1vanie. Preto ich vieme cielene minimalizova\u0165. <\/p>\n\t\t\t\t\t\t\t\t<\/div>\n\t\t\t\t<\/div>\n\t\t\t\t\t<\/div>\n\t\t\t\t<\/div>\n\t\t<div class=\"elementor-element elementor-element-bfb3831 e-flex e-con-boxed e-con e-parent\" data-id=\"bfb3831\" data-element_type=\"container\" data-e-type=\"container\" data-settings=\"{&quot;background_background&quot;:&quot;classic&quot;}\">\n\t\t\t\t\t<div class=\"e-con-inner\">\n\t\t<div class=\"elementor-element elementor-element-b0652ad default-section-spacing animated-fast e-con-full e-flex elementor-invisible e-con e-child\" data-id=\"b0652ad\" data-element_type=\"container\" data-e-type=\"container\" data-settings=\"{&quot;animation&quot;:&quot;fadeInUp&quot;}\">\n\t\t<div class=\"elementor-element elementor-element-702c477 e-con-full e-flex e-con e-child\" data-id=\"702c477\" data-element_type=\"container\" data-e-type=\"container\">\n\t\t\t\t<div class=\"elementor-element elementor-element-72e29f6 elementor-widget elementor-widget-heading\" data-id=\"72e29f6\" data-element_type=\"widget\" data-e-type=\"widget\" data-widget_type=\"heading.default\">\n\t\t\t\t<div class=\"elementor-widget-container\">\n\t\t\t\t\t<h3 class=\"elementor-heading-title elementor-size-default\">Ako teamative zabezpe\u010duje s\u00falad s predpismi?<\/h3>\t\t\t\t<\/div>\n\t\t\t\t<\/div>\n\t\t\t\t<div class=\"elementor-element elementor-element-a5b66d4 elementor-widget elementor-widget-accordion\" data-id=\"a5b66d4\" data-element_type=\"widget\" data-e-type=\"widget\" data-widget_type=\"accordion.default\">\n\t\t\t\t<div class=\"elementor-widget-container\">\n\t\t\t\t\t\t\t<div class=\"elementor-accordion\">\n\t\t\t\t\t\t\t<div class=\"elementor-accordion-item\">\n\t\t\t\t\t<div id=\"elementor-tab-title-1731\" class=\"elementor-tab-title\" data-tab=\"1\" role=\"button\" aria-controls=\"elementor-tab-content-1731\" aria-expanded=\"false\">\n\t\t\t\t\t\t\t\t\t\t\t\t\t<span class=\"elementor-accordion-icon elementor-accordion-icon-right\" aria-hidden=\"true\">\n\t\t\t\t\t\t\t\t\t\t\t\t\t\t\t<span class=\"elementor-accordion-icon-closed\"><svg class=\"e-font-icon-svg e-fas-plus\" viewBox=\"0 0 448 512\" xmlns=\"http:\/\/www.w3.org\/2000\/svg\"><path d=\"M416 208H272V64c0-17.67-14.33-32-32-32h-32c-17.67 0-32 14.33-32 32v144H32c-17.67 0-32 14.33-32 32v32c0 17.67 14.33 32 32 32h144v144c0 17.67 14.33 32 32 32h32c17.67 0 32-14.33 32-32V304h144c17.67 0 32-14.33 32-32v-32c0-17.67-14.33-32-32-32z\"><\/path><\/svg><\/span>\n\t\t\t\t\t\t\t\t<span class=\"elementor-accordion-icon-opened\"><svg class=\"e-font-icon-svg e-fas-minus\" viewBox=\"0 0 448 512\" xmlns=\"http:\/\/www.w3.org\/2000\/svg\"><path d=\"M416 208H32c-17.67 0-32 14.33-32 32v32c0 17.67 14.33 32 32 32h384c17.67 0 32-14.33 32-32v-32c0-17.67-14.33-32-32-32z\"><\/path><\/svg><\/span>\n\t\t\t\t\t\t\t\t\t\t\t\t\t\t<\/span>\n\t\t\t\t\t\t\t\t\t\t\t\t<a class=\"elementor-accordion-title\" tabindex=\"0\">Jasne definovan\u00e9 zmluvy a dohody<\/a>\n\t\t\t\t\t<\/div>\n\t\t\t\t\t<div id=\"elementor-tab-content-1731\" class=\"elementor-tab-content elementor-clearfix\" data-tab=\"1\" role=\"region\" aria-labelledby=\"elementor-tab-title-1731\"><p>Medzi teamative a klientsk\u00fdmi spolo\u010dnos\u0165ami v\u017edy existuj\u00fa jasn\u00e9 zmluvy a dohody. Definuj\u00fa \u0161pecifik\u00e1cie slu\u017eieb, platobn\u00e9 podmienky a aspekty t\u00fdkaj\u00face sa du\u0161evn\u00e9ho vlastn\u00edctva, d\u00f4vernosti, zodpovednosti a \u010fal\u0161\u00edch relevantn\u00fdch podmienok. <\/p>\n<\/div>\n\t\t\t\t<\/div>\n\t\t\t\t\t\t\t<div class=\"elementor-accordion-item\">\n\t\t\t\t\t<div id=\"elementor-tab-title-1732\" class=\"elementor-tab-title\" data-tab=\"2\" role=\"button\" aria-controls=\"elementor-tab-content-1732\" aria-expanded=\"false\">\n\t\t\t\t\t\t\t\t\t\t\t\t\t<span class=\"elementor-accordion-icon elementor-accordion-icon-right\" aria-hidden=\"true\">\n\t\t\t\t\t\t\t\t\t\t\t\t\t\t\t<span class=\"elementor-accordion-icon-closed\"><svg class=\"e-font-icon-svg e-fas-plus\" viewBox=\"0 0 448 512\" xmlns=\"http:\/\/www.w3.org\/2000\/svg\"><path d=\"M416 208H272V64c0-17.67-14.33-32-32-32h-32c-17.67 0-32 14.33-32 32v144H32c-17.67 0-32 14.33-32 32v32c0 17.67 14.33 32 32 32h144v144c0 17.67 14.33 32 32 32h32c17.67 0 32-14.33 32-32V304h144c17.67 0 32-14.33 32-32v-32c0-17.67-14.33-32-32-32z\"><\/path><\/svg><\/span>\n\t\t\t\t\t\t\t\t<span class=\"elementor-accordion-icon-opened\"><svg class=\"e-font-icon-svg e-fas-minus\" viewBox=\"0 0 448 512\" xmlns=\"http:\/\/www.w3.org\/2000\/svg\"><path d=\"M416 208H32c-17.67 0-32 14.33-32 32v32c0 17.67 14.33 32 32 32h384c17.67 0 32-14.33 32-32v-32c0-17.67-14.33-32-32-32z\"><\/path><\/svg><\/span>\n\t\t\t\t\t\t\t\t\t\t\t\t\t\t<\/span>\n\t\t\t\t\t\t\t\t\t\t\t\t<a class=\"elementor-accordion-title\" tabindex=\"0\">Pravideln\u00e9 kontroly a audity<\/a>\n\t\t\t\t\t<\/div>\n\t\t\t\t\t<div id=\"elementor-tab-content-1732\" class=\"elementor-tab-content elementor-clearfix\" data-tab=\"2\" role=\"region\" aria-labelledby=\"elementor-tab-title-1732\"><p>Vykon\u00e1vame pravideln\u00e9 rev\u00edzie a intern\u00e9 audity, aby sme zabezpe\u010dili, \u017ee s\u00fa v\u0161etky \u010dinnosti v s\u00falade s po\u017eiadavkami na dodr\u017eiavanie predpisov. To zah\u0155\u0148a presk\u00famanie zml\u00fav, pracovn\u00fdch podmienok, platobn\u00fdch procesov a \u010fal\u0161\u00edch relevantn\u00fdch aspektov. T\u00fdmto sp\u00f4sobom d\u00f4sledne monitorujeme, \u010di s\u00fa na\u0161e \u010dinnosti v s\u00falade s platn\u00fdmi z\u00e1konmi, da\u0148ov\u00fdmi predpismi, pracovn\u00fdm pr\u00e1vom a \u010fal\u0161\u00edmi po\u017eiadavkami na dodr\u017eiavanie predpisov.  <\/p>\n<\/div>\n\t\t\t\t<\/div>\n\t\t\t\t\t\t\t<div class=\"elementor-accordion-item\">\n\t\t\t\t\t<div id=\"elementor-tab-title-1733\" class=\"elementor-tab-title\" data-tab=\"3\" role=\"button\" aria-controls=\"elementor-tab-content-1733\" aria-expanded=\"false\">\n\t\t\t\t\t\t\t\t\t\t\t\t\t<span class=\"elementor-accordion-icon elementor-accordion-icon-right\" aria-hidden=\"true\">\n\t\t\t\t\t\t\t\t\t\t\t\t\t\t\t<span class=\"elementor-accordion-icon-closed\"><svg class=\"e-font-icon-svg e-fas-plus\" viewBox=\"0 0 448 512\" xmlns=\"http:\/\/www.w3.org\/2000\/svg\"><path d=\"M416 208H272V64c0-17.67-14.33-32-32-32h-32c-17.67 0-32 14.33-32 32v144H32c-17.67 0-32 14.33-32 32v32c0 17.67 14.33 32 32 32h144v144c0 17.67 14.33 32 32 32h32c17.67 0 32-14.33 32-32V304h144c17.67 0 32-14.33 32-32v-32c0-17.67-14.33-32-32-32z\"><\/path><\/svg><\/span>\n\t\t\t\t\t\t\t\t<span class=\"elementor-accordion-icon-opened\"><svg class=\"e-font-icon-svg e-fas-minus\" viewBox=\"0 0 448 512\" xmlns=\"http:\/\/www.w3.org\/2000\/svg\"><path d=\"M416 208H32c-17.67 0-32 14.33-32 32v32c0 17.67 14.33 32 32 32h384c17.67 0 32-14.33 32-32v-32c0-17.67-14.33-32-32-32z\"><\/path><\/svg><\/span>\n\t\t\t\t\t\t\t\t\t\t\t\t\t\t<\/span>\n\t\t\t\t\t\t\t\t\t\t\t\t<a class=\"elementor-accordion-title\" tabindex=\"0\">Pravideln\u00e9 presk\u00famanie pr\u00e1vnej situ\u00e1cie<\/a>\n\t\t\t\t\t<\/div>\n\t\t\t\t\t<div id=\"elementor-tab-content-1733\" class=\"elementor-tab-content elementor-clearfix\" data-tab=\"3\" role=\"region\" aria-labelledby=\"elementor-tab-title-1733\"><p>Informujeme sa o pr\u00e1vnych po\u017eiadavk\u00e1ch a predpisoch v na\u0161ej krajine aj v krajine z\u00e1kazn\u00edka. Spolupracujeme s pr\u00e1vnymi expertmi, da\u0148ov\u00fdmi poradcami a \u010fal\u0161\u00edmi expertmi, aby sme zabezpe\u010dili, \u017ee na\u0161a nearshoringov\u00e1 spolupr\u00e1ca bude v s\u00falade s predpismi. <\/p>\n<\/div>\n\t\t\t\t<\/div>\n\t\t\t\t\t\t\t\t\t\t<script type=\"application\/ld+json\">{\"@context\":\"https:\\\/\\\/schema.org\",\"@type\":\"FAQPage\",\"mainEntity\":[{\"@type\":\"Question\",\"name\":\"Jasne definovan\\u00e9 zmluvy a dohody\",\"acceptedAnswer\":{\"@type\":\"Answer\",\"text\":\"<p>Medzi teamative a klientsk\\u00fdmi spolo\\u010dnos\\u0165ami v\\u017edy existuj\\u00fa jasn\\u00e9 zmluvy a dohody. Definuj\\u00fa \\u0161pecifik\\u00e1cie slu\\u017eieb, platobn\\u00e9 podmienky a aspekty t\\u00fdkaj\\u00face sa du\\u0161evn\\u00e9ho vlastn\\u00edctva, d\\u00f4vernosti, zodpovednosti a \\u010fal\\u0161\\u00edch relevantn\\u00fdch podmienok. <\\\/p>\\n\"}},{\"@type\":\"Question\",\"name\":\"Pravideln\\u00e9 kontroly a audity\",\"acceptedAnswer\":{\"@type\":\"Answer\",\"text\":\"<p>Vykon\\u00e1vame pravideln\\u00e9 rev\\u00edzie a intern\\u00e9 audity, aby sme zabezpe\\u010dili, \\u017ee s\\u00fa v\\u0161etky \\u010dinnosti v s\\u00falade s po\\u017eiadavkami na dodr\\u017eiavanie predpisov. To zah\\u0155\\u0148a presk\\u00famanie zml\\u00fav, pracovn\\u00fdch podmienok, platobn\\u00fdch procesov a \\u010fal\\u0161\\u00edch relevantn\\u00fdch aspektov. T\\u00fdmto sp\\u00f4sobom d\\u00f4sledne monitorujeme, \\u010di s\\u00fa na\\u0161e \\u010dinnosti v s\\u00falade s platn\\u00fdmi z\\u00e1konmi, da\\u0148ov\\u00fdmi predpismi, pracovn\\u00fdm pr\\u00e1vom a \\u010fal\\u0161\\u00edmi po\\u017eiadavkami na dodr\\u017eiavanie predpisov.  <\\\/p>\\n\"}},{\"@type\":\"Question\",\"name\":\"Pravideln\\u00e9 presk\\u00famanie pr\\u00e1vnej situ\\u00e1cie\",\"acceptedAnswer\":{\"@type\":\"Answer\",\"text\":\"<p>Informujeme sa o pr\\u00e1vnych po\\u017eiadavk\\u00e1ch a predpisoch v na\\u0161ej krajine aj v krajine z\\u00e1kazn\\u00edka. Spolupracujeme s pr\\u00e1vnymi expertmi, da\\u0148ov\\u00fdmi poradcami a \\u010fal\\u0161\\u00edmi expertmi, aby sme zabezpe\\u010dili, \\u017ee na\\u0161a nearshoringov\\u00e1 spolupr\\u00e1ca bude v s\\u00falade s predpismi. <\\\/p>\\n\"}}]}<\/script>\n\t\t\t\t\t<\/div>\n\t\t\t\t\t\t<\/div>\n\t\t\t\t<\/div>\n\t\t\t\t<\/div>\n\t\t\t\t<\/div>\n\t\t\t\t\t<\/div>\n\t\t\t\t<\/div>\n\t\t\t\t<\/div>\n\t\t","protected":false},"excerpt":{"rendered":"<p>regul\u00e1cie Nearshoring a regul\u00e1cie V teamative zabezpe\u010d\u00edme, aby sa v\u0161etky slu\u017eby nearshoringu vykon\u00e1vali v s\u00falade so z\u00e1konmi a predpismi. V\u017edy mysl\u00edme aj na rizik\u00e1 v r\u00f4znych oblastiach ako je fikt\u00edvna samostatn\u00e1 z\u00e1robkov\u00e1 \u010dinnos\u0165 a do\u010dasn\u00e9 zamestn\u00e1vanie. Preto ich vieme cielene minimalizova\u0165. Ako teamative zabezpe\u010duje s\u00falad s predpismi? Jasne definovan\u00e9 zmluvy a dohody Medzi teamative a [&hellip;]<\/p>\n","protected":false},"author":4,"featured_media":0,"parent":4122,"menu_order":0,"comment_status":"closed","ping_status":"closed","template":"","meta":{"_acf_changed":false,"inline_featured_image":false,"footnotes":""},"class_list":["post-4130","page","type-page","status-publish","hentry"],"acf":[],"yoast_head":"<!-- This site is optimized with the Yoast SEO plugin v27.3 - https:\/\/yoast.com\/product\/yoast-seo-wordpress\/ -->\n<title>regul\u00e1cie | teamative<\/title>\n<meta name=\"description\" content=\"Zabezpe\u010d\u00edme, aby bol nearshoring v s\u00falade s platn\u00fdmi z\u00e1konmi, da\u0148ov\u00fdmi predpismi, pracovno-pr\u00e1vnymi predpismi a in\u00fdmi po\u017eiadavkami na dodr\u017eiavanie predpisov.\" \/>\n<meta name=\"robots\" content=\"index, follow, max-snippet:-1, max-image-preview:large, max-video-preview:-1\" \/>\n<link rel=\"canonical\" href=\"https:\/\/staging-mk2234.teamative.com\/sk\/nearshoring\/regulacie\/\" \/>\n<meta property=\"og:locale\" content=\"sk_SK\" \/>\n<meta property=\"og:type\" content=\"article\" \/>\n<meta property=\"og:title\" content=\"regul\u00e1cie | teamative\" \/>\n<meta property=\"og:description\" content=\"Zabezpe\u010d\u00edme, aby bol nearshoring v s\u00falade s platn\u00fdmi z\u00e1konmi, da\u0148ov\u00fdmi predpismi, pracovno-pr\u00e1vnymi predpismi a in\u00fdmi po\u017eiadavkami na dodr\u017eiavanie predpisov.\" \/>\n<meta property=\"og:url\" content=\"https:\/\/staging-mk2234.teamative.com\/sk\/nearshoring\/regulacie\/\" \/>\n<meta property=\"og:site_name\" content=\"teamative\" \/>\n<meta property=\"article:modified_time\" content=\"2024-09-05T13:18:37+00:00\" \/>\n<meta property=\"og:image\" content=\"https:\/\/staging-mk2234.teamative.com\/wp-content\/uploads\/2024\/09\/Header-Nearshore-1024x312.jpg\" \/>\n<meta name=\"twitter:card\" content=\"summary_large_image\" \/>\n<meta name=\"twitter:label1\" content=\"Predpokladan\u00fd \u010das \u010d\u00edtania\" \/>\n\t<meta name=\"twitter:data1\" content=\"2 min\u00faty\" \/>\n<script type=\"application\/ld+json\" class=\"yoast-schema-graph\">{\"@context\":\"https:\\\/\\\/schema.org\",\"@graph\":[{\"@type\":\"WebPage\",\"@id\":\"https:\\\/\\\/staging-mk2234.teamative.com\\\/sk\\\/nearshoring\\\/regulacie\\\/\",\"url\":\"https:\\\/\\\/staging-mk2234.teamative.com\\\/sk\\\/nearshoring\\\/regulacie\\\/\",\"name\":\"regul\u00e1cie | teamative\",\"isPartOf\":{\"@id\":\"https:\\\/\\\/staging-mk2234.teamative.com\\\/sk\\\/#website\"},\"primaryImageOfPage\":{\"@id\":\"https:\\\/\\\/staging-mk2234.teamative.com\\\/sk\\\/nearshoring\\\/regulacie\\\/#primaryimage\"},\"image\":{\"@id\":\"https:\\\/\\\/staging-mk2234.teamative.com\\\/sk\\\/nearshoring\\\/regulacie\\\/#primaryimage\"},\"thumbnailUrl\":\"https:\\\/\\\/staging-mk2234.teamative.com\\\/wp-content\\\/uploads\\\/2024\\\/09\\\/Header-Nearshore-1024x312.jpg\",\"datePublished\":\"2024-08-21T12:12:18+00:00\",\"dateModified\":\"2024-09-05T13:18:37+00:00\",\"description\":\"Zabezpe\u010d\u00edme, aby bol nearshoring v s\u00falade s platn\u00fdmi z\u00e1konmi, da\u0148ov\u00fdmi predpismi, pracovno-pr\u00e1vnymi predpismi a in\u00fdmi po\u017eiadavkami na dodr\u017eiavanie predpisov.\",\"breadcrumb\":{\"@id\":\"https:\\\/\\\/staging-mk2234.teamative.com\\\/sk\\\/nearshoring\\\/regulacie\\\/#breadcrumb\"},\"inLanguage\":\"sk-SK\",\"potentialAction\":[{\"@type\":\"ReadAction\",\"target\":[\"https:\\\/\\\/staging-mk2234.teamative.com\\\/sk\\\/nearshoring\\\/regulacie\\\/\"]}]},{\"@type\":\"ImageObject\",\"inLanguage\":\"sk-SK\",\"@id\":\"https:\\\/\\\/staging-mk2234.teamative.com\\\/sk\\\/nearshoring\\\/regulacie\\\/#primaryimage\",\"url\":\"https:\\\/\\\/staging-mk2234.teamative.com\\\/wp-content\\\/uploads\\\/2024\\\/09\\\/Header-Nearshore-1024x312.jpg\",\"contentUrl\":\"https:\\\/\\\/staging-mk2234.teamative.com\\\/wp-content\\\/uploads\\\/2024\\\/09\\\/Header-Nearshore-1024x312.jpg\"},{\"@type\":\"BreadcrumbList\",\"@id\":\"https:\\\/\\\/staging-mk2234.teamative.com\\\/sk\\\/nearshoring\\\/regulacie\\\/#breadcrumb\",\"itemListElement\":[{\"@type\":\"ListItem\",\"position\":1,\"name\":\"Home\",\"item\":\"https:\\\/\\\/staging-mk2234.teamative.com\\\/sk\\\/\"},{\"@type\":\"ListItem\",\"position\":2,\"name\":\"Nearshore\",\"item\":\"https:\\\/\\\/staging-mk2234.teamative.com\\\/sk\\\/nearshoring\\\/\"},{\"@type\":\"ListItem\",\"position\":3,\"name\":\"regul\u00e1cie\"}]},{\"@type\":\"WebSite\",\"@id\":\"https:\\\/\\\/staging-mk2234.teamative.com\\\/sk\\\/#website\",\"url\":\"https:\\\/\\\/staging-mk2234.teamative.com\\\/sk\\\/\",\"name\":\"teamative\",\"description\":\"\",\"potentialAction\":[{\"@type\":\"SearchAction\",\"target\":{\"@type\":\"EntryPoint\",\"urlTemplate\":\"https:\\\/\\\/staging-mk2234.teamative.com\\\/sk\\\/?s={search_term_string}\"},\"query-input\":{\"@type\":\"PropertyValueSpecification\",\"valueRequired\":true,\"valueName\":\"search_term_string\"}}],\"inLanguage\":\"sk-SK\"}]}<\/script>\n<!-- \/ Yoast SEO plugin. -->","yoast_head_json":{"title":"regul\u00e1cie | teamative","description":"Zabezpe\u010d\u00edme, aby bol nearshoring v s\u00falade s platn\u00fdmi z\u00e1konmi, da\u0148ov\u00fdmi predpismi, pracovno-pr\u00e1vnymi predpismi a in\u00fdmi po\u017eiadavkami na dodr\u017eiavanie predpisov.","robots":{"index":"index","follow":"follow","max-snippet":"max-snippet:-1","max-image-preview":"max-image-preview:large","max-video-preview":"max-video-preview:-1"},"canonical":"https:\/\/staging-mk2234.teamative.com\/sk\/nearshoring\/regulacie\/","og_locale":"sk_SK","og_type":"article","og_title":"regul\u00e1cie | teamative","og_description":"Zabezpe\u010d\u00edme, aby bol nearshoring v s\u00falade s platn\u00fdmi z\u00e1konmi, da\u0148ov\u00fdmi predpismi, pracovno-pr\u00e1vnymi predpismi a in\u00fdmi po\u017eiadavkami na dodr\u017eiavanie predpisov.","og_url":"https:\/\/staging-mk2234.teamative.com\/sk\/nearshoring\/regulacie\/","og_site_name":"teamative","article_modified_time":"2024-09-05T13:18:37+00:00","og_image":[{"url":"https:\/\/staging-mk2234.teamative.com\/wp-content\/uploads\/2024\/09\/Header-Nearshore-1024x312.jpg","type":"","width":"","height":""}],"twitter_card":"summary_large_image","twitter_misc":{"Predpokladan\u00fd \u010das \u010d\u00edtania":"2 min\u00faty"},"schema":{"@context":"https:\/\/schema.org","@graph":[{"@type":"WebPage","@id":"https:\/\/staging-mk2234.teamative.com\/sk\/nearshoring\/regulacie\/","url":"https:\/\/staging-mk2234.teamative.com\/sk\/nearshoring\/regulacie\/","name":"regul\u00e1cie | teamative","isPartOf":{"@id":"https:\/\/staging-mk2234.teamative.com\/sk\/#website"},"primaryImageOfPage":{"@id":"https:\/\/staging-mk2234.teamative.com\/sk\/nearshoring\/regulacie\/#primaryimage"},"image":{"@id":"https:\/\/staging-mk2234.teamative.com\/sk\/nearshoring\/regulacie\/#primaryimage"},"thumbnailUrl":"https:\/\/staging-mk2234.teamative.com\/wp-content\/uploads\/2024\/09\/Header-Nearshore-1024x312.jpg","datePublished":"2024-08-21T12:12:18+00:00","dateModified":"2024-09-05T13:18:37+00:00","description":"Zabezpe\u010d\u00edme, aby bol nearshoring v s\u00falade s platn\u00fdmi z\u00e1konmi, da\u0148ov\u00fdmi predpismi, pracovno-pr\u00e1vnymi predpismi a in\u00fdmi po\u017eiadavkami na dodr\u017eiavanie predpisov.","breadcrumb":{"@id":"https:\/\/staging-mk2234.teamative.com\/sk\/nearshoring\/regulacie\/#breadcrumb"},"inLanguage":"sk-SK","potentialAction":[{"@type":"ReadAction","target":["https:\/\/staging-mk2234.teamative.com\/sk\/nearshoring\/regulacie\/"]}]},{"@type":"ImageObject","inLanguage":"sk-SK","@id":"https:\/\/staging-mk2234.teamative.com\/sk\/nearshoring\/regulacie\/#primaryimage","url":"https:\/\/staging-mk2234.teamative.com\/wp-content\/uploads\/2024\/09\/Header-Nearshore-1024x312.jpg","contentUrl":"https:\/\/staging-mk2234.teamative.com\/wp-content\/uploads\/2024\/09\/Header-Nearshore-1024x312.jpg"},{"@type":"BreadcrumbList","@id":"https:\/\/staging-mk2234.teamative.com\/sk\/nearshoring\/regulacie\/#breadcrumb","itemListElement":[{"@type":"ListItem","position":1,"name":"Home","item":"https:\/\/staging-mk2234.teamative.com\/sk\/"},{"@type":"ListItem","position":2,"name":"Nearshore","item":"https:\/\/staging-mk2234.teamative.com\/sk\/nearshoring\/"},{"@type":"ListItem","position":3,"name":"regul\u00e1cie"}]},{"@type":"WebSite","@id":"https:\/\/staging-mk2234.teamative.com\/sk\/#website","url":"https:\/\/staging-mk2234.teamative.com\/sk\/","name":"teamative","description":"","potentialAction":[{"@type":"SearchAction","target":{"@type":"EntryPoint","urlTemplate":"https:\/\/staging-mk2234.teamative.com\/sk\/?s={search_term_string}"},"query-input":{"@type":"PropertyValueSpecification","valueRequired":true,"valueName":"search_term_string"}}],"inLanguage":"sk-SK"}]}},"_links":{"self":[{"href":"https:\/\/staging-mk2234.teamative.com\/sk\/wp-json\/wp\/v2\/pages\/4130","targetHints":{"allow":["GET"]}}],"collection":[{"href":"https:\/\/staging-mk2234.teamative.com\/sk\/wp-json\/wp\/v2\/pages"}],"about":[{"href":"https:\/\/staging-mk2234.teamative.com\/sk\/wp-json\/wp\/v2\/types\/page"}],"author":[{"embeddable":true,"href":"https:\/\/staging-mk2234.teamative.com\/sk\/wp-json\/wp\/v2\/users\/4"}],"replies":[{"embeddable":true,"href":"https:\/\/staging-mk2234.teamative.com\/sk\/wp-json\/wp\/v2\/comments?post=4130"}],"version-history":[{"count":0,"href":"https:\/\/staging-mk2234.teamative.com\/sk\/wp-json\/wp\/v2\/pages\/4130\/revisions"}],"up":[{"embeddable":true,"href":"https:\/\/staging-mk2234.teamative.com\/sk\/wp-json\/wp\/v2\/pages\/4122"}],"wp:attachment":[{"href":"https:\/\/staging-mk2234.teamative.com\/sk\/wp-json\/wp\/v2\/media?parent=4130"}],"curies":[{"name":"wp","href":"https:\/\/api.w.org\/{rel}","templated":true}]}}